{"id":878,"date":"2024-01-30T10:49:54","date_gmt":"2024-01-30T10:49:54","guid":{"rendered":"https:\/\/avtarkaur.com\/evenements\/"},"modified":"2026-02-04T12:00:45","modified_gmt":"2026-02-04T12:00:45","slug":"evenements","status":"publish","type":"page","link":"https:\/\/avtarkaur.com\/fr\/evenements\/","title":{"rendered":"\u00c9v\u00e8nements"},"content":{"rendered":"\t\t<div data-elementor-type=\"wp-page\" data-elementor-id=\"878\" class=\"elementor elementor-878 elementor-277\">\n\t\t\t\t\t\t<section class=\"elementor-section elementor-top-section elementor-element elementor-element-eb31a75 elementor-section-full_width elementor-reverse-mobile elementor-section-height-default elementor-section-height-default\" data-id=\"eb31a75\" data-element_type=\"section\" data-e-type=\"section\" data-settings=\"{&quot;jet_parallax_layout_list&quot;:[{&quot;jet_parallax_layout_image&quot;:{&quot;url&quot;:&quot;&quot;,&quot;id&quot;:&quot;&quot;,&quot;size&quot;:&quot;&quot;},&quot;_id&quot;:&quot;82f5950&quot;,&quot;jet_parallax_layout_image_tablet&quot;:{&quot;url&quot;:&quot;&quot;,&quot;id&quot;:&quot;&quot;,&quot;size&quot;:&quot;&quot;},&quot;jet_parallax_layout_image_mobile&quot;:{&quot;url&quot;:&quot;&quot;,&quot;id&quot;:&quot;&quot;,&quot;size&quot;:&quot;&quot;},&quot;jet_parallax_layout_speed&quot;:{&quot;unit&quot;:&quot;%&quot;,&quot;size&quot;:50,&quot;sizes&quot;:[]},&quot;jet_parallax_layout_type&quot;:&quot;scroll&quot;,&quot;jet_parallax_layout_direction&quot;:null,&quot;jet_parallax_layout_fx_direction&quot;:null,&quot;jet_parallax_layout_z_index&quot;:&quot;&quot;,&quot;jet_parallax_layout_bg_x&quot;:50,&quot;jet_parallax_layout_bg_x_tablet&quot;:&quot;&quot;,&quot;jet_parallax_layout_bg_x_mobile&quot;:&quot;&quot;,&quot;jet_parallax_layout_bg_y&quot;:50,&quot;jet_parallax_layout_bg_y_tablet&quot;:&quot;&quot;,&quot;jet_parallax_layout_bg_y_mobile&quot;:&quot;&quot;,&quot;jet_parallax_layout_bg_size&quot;:&quot;auto&quot;,&quot;jet_parallax_layout_bg_size_tablet&quot;:&quot;&quot;,&quot;jet_parallax_layout_bg_size_mobile&quot;:&quot;&quot;,&quot;jet_parallax_layout_animation_prop&quot;:&quot;transform&quot;,&quot;jet_parallax_layout_on&quot;:[&quot;desktop&quot;,&quot;tablet&quot;]}],&quot;background_background&quot;:&quot;classic&quot;}\">\n\t\t\t\t\t\t<div class=\"elementor-container elementor-column-gap-no\">\n\t\t\t\t\t<div class=\"elementor-column elementor-col-50 elementor-top-column elementor-element elementor-element-297ebd8\" data-id=\"297ebd8\" data-element_type=\"column\" data-e-type=\"column\">\n\t\t\t<div class=\"elementor-widget-wrap elementor-element-populated\">\n\t\t\t\t\t\t<div class=\"elementor-element elementor-element-d4e7402 elementor-widget elementor-widget-heading\" data-id=\"d4e7402\" data-element_type=\"widget\" data-e-type=\"widget\" data-widget_type=\"heading.default\">\n\t\t\t\t\t<h1 class=\"elementor-heading-title elementor-size-default\">\u00c9v\u00e8nements et Ateliers<\/h1>\t\t\t\t<\/div>\n\t\t\t\t\t<\/div>\n\t\t<\/div>\n\t\t\t\t<div class=\"elementor-column elementor-col-50 elementor-top-column elementor-element elementor-element-87f35f0\" data-id=\"87f35f0\" data-element_type=\"column\" data-e-type=\"column\">\n\t\t\t<div class=\"elementor-widget-wrap elementor-element-populated\">\n\t\t\t\t\t\t<div class=\"elementor-element elementor-element-b628edc elementor-invisible elementor-widget elementor-widget-raven-image\" data-id=\"b628edc\" data-element_type=\"widget\" data-e-type=\"widget\" data-settings=\"{&quot;_animation&quot;:&quot;fadeInUp&quot;}\" data-widget_type=\"raven-image.default\">\n\t\t\t\t<div class=\"elementor-widget-container\">\n\t\t\t\t\t\t\t<div class=\"raven-image\">\n\t\t\n\t\t\n\t\t<img fetchpriority=\"high\" decoding=\"async\" width=\"1080\" height=\"1080\" src=\"https:\/\/avtarkaur.com\/wp-content\/uploads\/2024\/03\/Workshop-Avtar-1.webp\" class=\"attachment-full size-full wp-image-844\" alt=\"\" \/>\t\t<\/div>\n\t\t\t\t\t\t<\/div>\n\t\t\t\t<\/div>\n\t\t\t\t\t<\/div>\n\t\t<\/div>\n\t\t\t\t\t<\/div>\n\t\t<\/section>\n\t\t<div class=\"elementor-element elementor-element-dd6c14e e-flex e-con-boxed e-con e-parent\" data-id=\"dd6c14e\" data-element_type=\"container\" data-e-type=\"container\" data-settings=\"{&quot;jet_parallax_layout_list&quot;:[]}\">\n\t\t\t\t\t<div class=\"e-con-inner\">\n\t\t\t\t<div class=\"elementor-element elementor-element-6ebb1aa elementor-align-left elementor-widget elementor-widget-raven-heading\" data-id=\"6ebb1aa\" data-element_type=\"widget\" data-e-type=\"widget\" data-widget_type=\"raven-heading.default\">\n\t\t\t\t<div class=\"elementor-widget-container\">\n\t\t\t\t\t\t\t<div class=\"raven-widget-wrapper\"><h2 class=\"raven-heading raven-heading-h2 raven-heading-norman-single\"><span class=\"raven-heading-title \">Bient\u00f4t...<\/span><\/h2><\/div>\n\t\t\t\t\t\t<\/div>\n\t\t\t\t<\/div>\n\t\t\t\t<div class=\"elementor-element elementor-element-ff47e5c elementor-widget elementor-widget-text-editor\" data-id=\"ff47e5c\" data-element_type=\"widget\" data-e-type=\"widget\" data-widget_type=\"text-editor.default\">\n\t\t\t\t\t\t\t\t\t<p class=\"p1\">Des ateliers de quelques heures dans un festival, un week-end ou plusieurs jours, sur des th\u00e8mes vari\u00e9s qui cr\u00e9ent un espace de transformation profond et bienveillant, avec une attention particuli\u00e8re port\u00e9e \u00e0 l&rsquo;\u00e9l\u00e9vation de votre fr\u00e9quence et \u00e0 la transformation de ce qui vous emp\u00eache encore de donner le meilleur de vous-m\u00eame.\u00a0<\/p><p class=\"p1\">En France, en Allemagne, en Suisse ou ailleurs, toujours dans des lieux proches de la nature et accompagn\u00e9s d&rsquo;un h\u00e9bergement de qualit\u00e9 o\u00f9 le corps, l&rsquo;\u00e2me et l&rsquo;esprit peuvent enfin s&rsquo;harmoniser.<\/p><p class=\"p1\">Prenez contact avec moi pour les ateliers, retraites et formations \u00e0 venir \u00a0!<\/p>\t\t\t\t\t\t\t\t<\/div>\n\t\t\t\t\t<\/div>\n\t\t\t\t<\/div>\n\t\t<div class=\"elementor-element elementor-element-8b8a129 e-flex e-con-boxed e-con e-parent\" data-id=\"8b8a129\" data-element_type=\"container\" data-e-type=\"container\" data-settings=\"{&quot;jet_parallax_layout_list&quot;:[]}\">\n\t\t\t\t\t<div class=\"e-con-inner\">\n\t\t\t\t<div class=\"elementor-element elementor-element-facda5b elementor-widget elementor-widget-heading\" data-id=\"facda5b\" data-element_type=\"widget\" data-e-type=\"widget\" data-widget_type=\"heading.default\">\n\t\t\t\t\t<h3 class=\"elementor-heading-title elementor-size-default\">France<\/h3>\t\t\t\t<\/div>\n\t\t\t\t<div class=\"elementor-element elementor-element-fbc6a8f elementor-widget elementor-widget-image\" data-id=\"fbc6a8f\" data-element_type=\"widget\" data-e-type=\"widget\" data-widget_type=\"image.default\">\n\t\t\t\t\t\t\t\t\t\t\t\t\t\t\t<img decoding=\"async\" width=\"640\" height=\"640\" src=\"https:\/\/avtarkaur.com\/wp-content\/uploads\/2026\/01\/Be-The-Light-Avtar-Kaur.jpg\" class=\"attachment-full size-full wp-image-1072\" alt=\"Be The Light Avtar Kaur\" srcset=\"https:\/\/avtarkaur.com\/wp-content\/uploads\/2026\/01\/Be-The-Light-Avtar-Kaur.jpg 640w, https:\/\/avtarkaur.com\/wp-content\/uploads\/2026\/01\/Be-The-Light-Avtar-Kaur-300x300.jpg 300w, https:\/\/avtarkaur.com\/wp-content\/uploads\/2026\/01\/Be-The-Light-Avtar-Kaur-150x150.jpg 150w, https:\/\/avtarkaur.com\/wp-content\/uploads\/2026\/01\/Be-The-Light-Avtar-Kaur-500x500.jpg 500w\" sizes=\"(max-width: 640px) 100vw, 640px\" \/>\t\t\t\t\t\t\t\t\t\t\t\t\t\t\t<\/div>\n\t\t\t\t<div class=\"elementor-element elementor-element-db0dd7f elementor-widget elementor-widget-text-editor\" data-id=\"db0dd7f\" data-element_type=\"widget\" data-e-type=\"widget\" data-widget_type=\"text-editor.default\">\n\t\t\t\t\t\t\t\t\t<p><strong>Retraite en Provence &#8211; 1 au 6 avril 2026<\/strong><\/p><p>Kundalini Yoga et Num\u00e9rologie<\/p><p><strong>Infos &amp; Inscriptions<\/strong><\/p><p><strong>E-mail:<\/strong> avtar@satnam.eu<br \/><strong>Tel:<\/strong> 0783895142<\/p>\t\t\t\t\t\t\t\t<\/div>\n\t\t\t\t<div class=\"elementor-element elementor-element-0ef552a elementor-align-center elementor-widget elementor-widget-raven-button\" data-id=\"0ef552a\" data-element_type=\"widget\" data-e-type=\"widget\" data-settings=\"{&quot;turn_to_popup_action_button&quot;:&quot;no&quot;}\" data-widget_type=\"raven-button.default\">\n\t\t\t\t<div class=\"elementor-widget-container\">\n\t\t\t\t\t\t\t<div class=\"raven-widget-wrapper\">\n\t\t\t<a class=\"raven-button raven-button-widget-normal-effect-none  raven-button-text-align-center raven-button-link elementor-animation-grow\" href=\"https:\/\/www.satnam.de\/fr\/be-the-light-retreat-provence-2026.html\">\t\t\t\t<div class=\"raven-button-overlay\" ><\/div>\n\t\t\t\t<span class=\"raven-button-content\">\n\t\t\t\t\t\n\t\t\t\t\t<div class=\"button-text-container\">\n\t\t\t\t\t\t\t\t\t\t\t\t<div class=\"raven-button-texts-wrapper\">\n\t\t\t\t\t\t\t<div class=\"button-text\">\n\t\t\t\t\t\t\t\t<span class=\"raven-button-text\">\n\t\t\t\t\t\t\t\t\tEn savoir plus\t\t\t\t\t\t\t\t<\/span>\n\t\t\t\t\t\t\t<\/div>\n\t\t\t\t\t\t\t\t\t\t\t\t\t<\/div>\n\t\t\t\t\t\t\t\t\t\t\t<\/div>\n\t\t\t\t\t\n\t\t\t\t\t\t\t\t\t<\/span>\n\t\t\t<\/a>\t\t<\/div>\n\t\t\t\t\t\t<\/div>\n\t\t\t\t<\/div>\n\t\t\t\t<div class=\"elementor-element elementor-element-40f00bc elementor-widget-divider--view-line elementor-widget elementor-widget-divider\" data-id=\"40f00bc\" data-element_type=\"widget\" data-e-type=\"widget\" data-widget_type=\"divider.default\">\n\t\t\t\t\t\t\t<div class=\"elementor-divider\">\n\t\t\t<span class=\"elementor-divider-separator\">\n\t\t\t\t\t\t<\/span>\n\t\t<\/div>\n\t\t\t\t\t\t<\/div>\n\t\t\t\t<div class=\"elementor-element elementor-element-52afa01 elementor-widget elementor-widget-image\" data-id=\"52afa01\" data-element_type=\"widget\" data-e-type=\"widget\" data-widget_type=\"image.default\">\n\t\t\t\t\t\t\t\t\t\t\t\t\t\t\t<img decoding=\"async\" width=\"1110\" height=\"1506\" src=\"https:\/\/avtarkaur.com\/wp-content\/uploads\/2026\/01\/Chemin-Ame-Yoga.jpg\" class=\"attachment-full size-full wp-image-1070\" alt=\"Chemin Ame Retraite Yoga\" srcset=\"https:\/\/avtarkaur.com\/wp-content\/uploads\/2026\/01\/Chemin-Ame-Yoga.jpg 1110w, https:\/\/avtarkaur.com\/wp-content\/uploads\/2026\/01\/Chemin-Ame-Yoga-221x300.jpg 221w, https:\/\/avtarkaur.com\/wp-content\/uploads\/2026\/01\/Chemin-Ame-Yoga-755x1024.jpg 755w, https:\/\/avtarkaur.com\/wp-content\/uploads\/2026\/01\/Chemin-Ame-Yoga-768x1042.jpg 768w\" sizes=\"(max-width: 1110px) 100vw, 1110px\" \/>\t\t\t\t\t\t\t\t\t\t\t\t\t\t\t<\/div>\n\t\t\t\t<div class=\"elementor-element elementor-element-747a3cd elementor-widget elementor-widget-text-editor\" data-id=\"747a3cd\" data-element_type=\"widget\" data-e-type=\"widget\" data-widget_type=\"text-editor.default\">\n\t\t\t\t\t\t\t\t\t<p><strong>Retraite de Yoga et Num\u00e9rologie<br \/><\/strong><b>Du 13 au 24 avril<\/b> <strong>2026<\/strong> avec Avtar Kaur et Isabelle Croset<\/p><p><strong>Infos &amp; Inscriptions<\/strong><\/p><p><strong>E-mail:<\/strong> avtar@satnam.eu<br \/><strong>Tel:<\/strong> 0783895142<\/p>\t\t\t\t\t\t\t\t<\/div>\n\t\t\t\t<div class=\"elementor-element elementor-element-107ab65 elementor-align-center elementor-widget elementor-widget-raven-button\" data-id=\"107ab65\" data-element_type=\"widget\" data-e-type=\"widget\" data-settings=\"{&quot;turn_to_popup_action_button&quot;:&quot;no&quot;}\" data-widget_type=\"raven-button.default\">\n\t\t\t\t<div class=\"elementor-widget-container\">\n\t\t\t\t\t\t\t<div class=\"raven-widget-wrapper\">\n\t\t\t<a class=\"raven-button raven-button-widget-normal-effect-none  raven-button-text-align-center raven-button-link elementor-animation-grow\" href=\"https:\/\/avtarkaur.com\/wp-content\/uploads\/2026\/02\/Plaquette-retraite-ISA-AVTAR-hd.pdf\">\t\t\t\t<div class=\"raven-button-overlay\" ><\/div>\n\t\t\t\t<span class=\"raven-button-content\">\n\t\t\t\t\t\n\t\t\t\t\t<div class=\"button-text-container\">\n\t\t\t\t\t\t\t\t\t\t\t\t<div class=\"raven-button-texts-wrapper\">\n\t\t\t\t\t\t\t<div class=\"button-text\">\n\t\t\t\t\t\t\t\t<span class=\"raven-button-text\">\n\t\t\t\t\t\t\t\t\tEn savoir plus\t\t\t\t\t\t\t\t<\/span>\n\t\t\t\t\t\t\t<\/div>\n\t\t\t\t\t\t\t\t\t\t\t\t\t<\/div>\n\t\t\t\t\t\t\t\t\t\t\t<\/div>\n\t\t\t\t\t\n\t\t\t\t\t\t\t\t\t<\/span>\n\t\t\t<\/a>\t\t<\/div>\n\t\t\t\t\t\t<\/div>\n\t\t\t\t<\/div>\n\t\t\t\t<div class=\"elementor-element elementor-element-89ad31b elementor-widget-divider--view-line elementor-widget elementor-widget-divider\" data-id=\"89ad31b\" data-element_type=\"widget\" data-e-type=\"widget\" data-widget_type=\"divider.default\">\n\t\t\t\t\t\t\t<div class=\"elementor-divider\">\n\t\t\t<span class=\"elementor-divider-separator\">\n\t\t\t\t\t\t<\/span>\n\t\t<\/div>\n\t\t\t\t\t\t<\/div>\n\t\t\t\t<div class=\"elementor-element elementor-element-f7cc5c1 elementor-widget elementor-widget-image\" data-id=\"f7cc5c1\" data-element_type=\"widget\" data-e-type=\"widget\" data-widget_type=\"image.default\">\n\t\t\t\t\t\t\t\t\t\t\t\t\t\t\t<img loading=\"lazy\" decoding=\"async\" width=\"1080\" height=\"1080\" src=\"https:\/\/avtarkaur.com\/wp-content\/uploads\/2026\/01\/Relations-Authentiques-Kundalini-Yoga.jpg\" class=\"attachment-full size-full wp-image-1071\" alt=\"Relations Authentiques Kundalini Yoga\" srcset=\"https:\/\/avtarkaur.com\/wp-content\/uploads\/2026\/01\/Relations-Authentiques-Kundalini-Yoga.jpg 1080w, https:\/\/avtarkaur.com\/wp-content\/uploads\/2026\/01\/Relations-Authentiques-Kundalini-Yoga-300x300.jpg 300w, https:\/\/avtarkaur.com\/wp-content\/uploads\/2026\/01\/Relations-Authentiques-Kundalini-Yoga-1024x1024.jpg 1024w, https:\/\/avtarkaur.com\/wp-content\/uploads\/2026\/01\/Relations-Authentiques-Kundalini-Yoga-150x150.jpg 150w, https:\/\/avtarkaur.com\/wp-content\/uploads\/2026\/01\/Relations-Authentiques-Kundalini-Yoga-768x768.jpg 768w, https:\/\/avtarkaur.com\/wp-content\/uploads\/2026\/01\/Relations-Authentiques-Kundalini-Yoga-500x500.jpg 500w\" sizes=\"(max-width: 1080px) 100vw, 1080px\" \/>\t\t\t\t\t\t\t\t\t\t\t\t\t\t\t<\/div>\n\t\t\t\t<div class=\"elementor-element elementor-element-5539353 elementor-widget elementor-widget-text-editor\" data-id=\"5539353\" data-element_type=\"widget\" data-e-type=\"widget\" data-widget_type=\"text-editor.default\">\n\t\t\t\t\t\t\t\t\t<p><strong>Formation d&rsquo;Enseignant Niveau 2<\/strong><\/p><p>Une retraite de yoga sur les relations authentiques, du 20 au 26 mai 2026.\u00a0<\/p><p><strong>Infos &amp; Inscriptions<\/strong><\/p><p><strong>E-mail:<\/strong> avtar@satnam.eu<br \/><strong>Tel:<\/strong> 0783895142<\/p>\t\t\t\t\t\t\t\t<\/div>\n\t\t\t\t<div class=\"elementor-element elementor-element-9f63caa elementor-align-center elementor-widget elementor-widget-raven-button\" data-id=\"9f63caa\" data-element_type=\"widget\" data-e-type=\"widget\" data-settings=\"{&quot;turn_to_popup_action_button&quot;:&quot;no&quot;}\" data-widget_type=\"raven-button.default\">\n\t\t\t\t<div class=\"elementor-widget-container\">\n\t\t\t\t\t\t\t<div class=\"raven-widget-wrapper\">\n\t\t\t<a class=\"raven-button raven-button-widget-normal-effect-none  raven-button-text-align-center raven-button-link elementor-animation-grow\" href=\"https:\/\/avtarkaur.com\/wp-content\/uploads\/2026\/02\/Relations-Authentiques-FR.pdf\">\t\t\t\t<div class=\"raven-button-overlay\" ><\/div>\n\t\t\t\t<span class=\"raven-button-content\">\n\t\t\t\t\t\n\t\t\t\t\t<div class=\"button-text-container\">\n\t\t\t\t\t\t\t\t\t\t\t\t<div class=\"raven-button-texts-wrapper\">\n\t\t\t\t\t\t\t<div class=\"button-text\">\n\t\t\t\t\t\t\t\t<span class=\"raven-button-text\">\n\t\t\t\t\t\t\t\t\tEn savoir plus\t\t\t\t\t\t\t\t<\/span>\n\t\t\t\t\t\t\t<\/div>\n\t\t\t\t\t\t\t\t\t\t\t\t\t<\/div>\n\t\t\t\t\t\t\t\t\t\t\t<\/div>\n\t\t\t\t\t\n\t\t\t\t\t\t\t\t\t<\/span>\n\t\t\t<\/a>\t\t<\/div>\n\t\t\t\t\t\t<\/div>\n\t\t\t\t<\/div>\n\t\t\t\t\t<\/div>\n\t\t\t\t<\/div>\n\t\t\t\t<\/div>\n\t\t","protected":false},"excerpt":{"rendered":"<p>\u00c9v\u00e8nements et Ateliers Bient\u00f4t&#8230; Des ateliers de quelques heures dans un festival, un week-end ou plusieurs jours, sur des th\u00e8mes vari\u00e9s qui cr\u00e9ent un espace de transformation profond et bienveillant, avec une attention particuli\u00e8re port\u00e9e \u00e0 l&rsquo;\u00e9l\u00e9vation de votre fr\u00e9quence et \u00e0 la transformation de ce qui vous emp\u00eache encore de donner le meilleur de [&hellip;]<\/p>\n","protected":false},"author":3,"featured_media":0,"parent":0,"menu_order":0,"comment_status":"closed","ping_status":"closed","template":"full-width.php","meta":{"_acf_changed":false,"footnotes":""},"class_list":["post-878","page","type-page","status-publish","hentry"],"acf":[],"_links":{"self":[{"href":"https:\/\/avtarkaur.com\/fr\/wp-json\/wp\/v2\/pages\/878","targetHints":{"allow":["GET"]}}],"collection":[{"href":"https:\/\/avtarkaur.com\/fr\/wp-json\/wp\/v2\/pages"}],"about":[{"href":"https:\/\/avtarkaur.com\/fr\/wp-json\/wp\/v2\/types\/page"}],"author":[{"embeddable":true,"href":"https:\/\/avtarkaur.com\/fr\/wp-json\/wp\/v2\/users\/3"}],"replies":[{"embeddable":true,"href":"https:\/\/avtarkaur.com\/fr\/wp-json\/wp\/v2\/comments?post=878"}],"version-history":[{"count":26,"href":"https:\/\/avtarkaur.com\/fr\/wp-json\/wp\/v2\/pages\/878\/revisions"}],"predecessor-version":[{"id":1106,"href":"https:\/\/avtarkaur.com\/fr\/wp-json\/wp\/v2\/pages\/878\/revisions\/1106"}],"wp:attachment":[{"href":"https:\/\/avtarkaur.com\/fr\/wp-json\/wp\/v2\/media?parent=878"}],"curies":[{"name":"wp","href":"https:\/\/api.w.org\/{rel}","templated":true}]}}